{"id":3272,"date":"2025-03-24T18:06:12","date_gmt":"2025-03-24T17:06:12","guid":{"rendered":"https:\/\/mirispa.it\/?page_id=3272"},"modified":"2026-03-13T00:19:19","modified_gmt":"2026-03-12T23:19:19","slug":"incentivi-2","status":"publish","type":"page","link":"https:\/\/mirispa.it\/en\/aree-di-business\/impiantistica-civile-ed-industriale\/incentivi-2\/","title":{"rendered":"Incentivi"},"content":{"rendered":"\t\t<div data-elementor-type=\"wp-page\" data-elementor-id=\"3272\" class=\"elementor elementor-3272\" data-elementor-post-type=\"page\">\n\t\t\t\t\t\t<section class=\"elementor-section elementor-top-section elementor-element elementor-element-78ba46da elementor-section-boxed elementor-section-height-default elementor-section-height-default elementor-invisible\" data-id=\"78ba46da\" data-element_type=\"section\" data-e-type=\"section\" data-settings=\"{&quot;background_background&quot;:&quot;classic&quot;,&quot;animation&quot;:&quot;fadeIn&quot;}\">\n\t\t\t\t\t\t\t<div class=\"elementor-background-overlay\"><\/div>\n\t\t\t\t\t\t\t<div class=\"elementor-container elementor-column-gap-default\">\n\t\t\t\t\t<div class=\"elementor-column elementor-col-100 elementor-top-column elementor-element elementor-element-1a3251a3\" data-id=\"1a3251a3\" data-element_type=\"column\" data-e-type=\"column\">\n\t\t\t<div class=\"elementor-widget-wrap elementor-element-populated\">\n\t\t\t\t\t\t\t<\/div>\n\t\t<\/div>\n\t\t\t\t\t<\/div>\n\t\t<\/section>\n\t\t\t\t<section class=\"elementor-section elementor-top-section elementor-element elementor-element-2abae27 elementor-section-boxed elementor-section-height-default elementor-section-height-default\" data-id=\"2abae27\" data-element_type=\"section\" data-e-type=\"section\">\n\t\t\t\t\t\t<div class=\"elementor-container elementor-column-gap-default\">\n\t\t\t\t\t<div class=\"elementor-column elementor-col-100 elementor-top-column elementor-element elementor-element-7be828b\" data-id=\"7be828b\" data-element_type=\"column\" data-e-type=\"column\">\n\t\t\t<div class=\"elementor-widget-wrap elementor-element-populated\">\n\t\t\t\t\t\t<div class=\"elementor-element elementor-element-d578cb2 elementor-widget-tablet__width-inherit elementor-widget elementor-widget-text-editor\" data-id=\"d578cb2\" data-element_type=\"widget\" data-e-type=\"widget\" data-widget_type=\"text-editor.default\">\n\t\t\t\t<div class=\"elementor-widget-container\">\n\t\t\t\t\t\t\t\t\t<p><strong>Bando MASE \u2013 Autoproduzione di energia da Fonti Rinnovabili<\/strong><\/p><p><strong>Contributi a fondo perduto per impianti fotovoltaici e sistemi di accumulo<br \/><\/strong>Il Ministero dell\u2019Ambiente e della Sicurezza Energetica (MASE) ha pubblicato un Avviso pubblico finalizzato a sostenere le imprese nella realizzazione di impianti per l\u2019autoproduzione di energia elettrica da fonti rinnovabili, nell\u2019ambito dell\u2019Azione 2.2.1 \u201cSviluppo della produzione di energia elettrica da FER\u201d<\/p><p><strong>Soggetti beneficiari:<br \/><\/strong>Possono accedere alle agevolazioni imprese di qualsiasi dimensione che siano regolarmente costituite e iscritte come attive al Registro delle Imprese, che siano in regola con gli obblighi contributivi e assicurativi e che non operino nei settori esclusi (carbonifero, produzione primaria agricola, pesca e acquacoltura).<\/p><p><strong>Interventi e progetti ammissibili:<br \/><\/strong>l bando finanzia progetti di investimento finalizzati all\u2019autoconsumo energetico, che prevedano l\u2019installazione di impianti fotovoltaici e\/o termo-fotovoltaici per autoconsumo immediato;<br \/>l\u2019eventuale integrazione di sistemi di accumulo elettrochimico \u201cbehind-the-meter\u201d, a condizione che almeno il 75% dell\u2019energia caricata provenga dall\u2019impianto FER.<br \/>Non \u00e8 ammessa la sola installazione dei sistemi di accumulo senza un nuovo impianto o potenziamento di uno esistente. \u00c8 consentito il potenziamento di impianti gi\u00e0 presenti, ma non il semplice rifacimento.<\/p><p><strong>I progetti devono inoltre rispettare requisiti precisi:<br \/><\/strong>riguardare una sola unit\u00e0 produttiva ed essere localizzati in aree industriali, produttive o artigianali situate nei Comuni con oltre 5.000 abitanti delle regioni Basilicata, Calabria, Campania, Molise, Puglia, Sardegna e Sicilia;<br \/>prevedere l\u2019installazione esclusivamente su edifici esistenti o relative pertinenze;<br \/>destinare l\u2019energia prodotta all\u2019autoconsumo aziendale. L\u2019energia eventualmente eccedente non accumulata deve essere ceduta gratuitamente al GSE per 20 anni;<br \/>avere una potenza dell\u2019impianto compresa tra 10 kW e 1.000 kW.<\/p><p><strong>Spese ammissibili:<br \/><\/strong>Sono finanziabili tutte le spese direttamente funzionali alla realizzazione degli interventi, tra cui la fornitura, installazione e messa in esercizio degli impianti fotovoltaici e termo-fotovoltaici oltre le opere civili strettamente necessarie e la connessione alla rete elettrica;<br \/>fornitura e installazione dei sistemi di accumulo elettrochimico.<\/p><p><strong>Intensit\u00e0 del contributo<br \/><\/strong>Le agevolazioni sono concesse sotto forma di contributo a fondo perduto in conto impianti, con percentuali variabili in base alla dimensione dell\u2019impresa e alla tipologia di intervento:<\/p><table><tbody><tr><td width=\"217\">Impianti fotovoltaici<\/td><td width=\"217\">Impianti termo-fotovoltaici<\/td><td width=\"217\">Sistemi di accumulo elettrochimico<\/td><\/tr><tr><td width=\"217\"><p>58% per piccole imprese<\/p><p>48% per medie imprese<\/p><p>38% per grandi imprese<\/p><\/td><td width=\"217\"><p>63% per piccole imprese<\/p><p>53% per medie imprese<\/p><p>43% per grandi imprese<\/p><\/td><td width=\"217\"><p>48% per piccole imprese<\/p><p>38% per medie imprese<\/p><p>28% per grandi imprese<\/p><\/td><\/tr><\/tbody><\/table><p><strong>Scadenze e modalit\u00e0 di presentazione<\/strong><\/p><p>Le domande devono essere presentate esclusivamente in via telematica tramite la piattaforma, che sar\u00e0 resa disponibile dal GSE, fino alle ore 10:00 del 6 luglio 2026<\/p><p>L\u2019accesso all\u2019istruttoria avverr\u00e0 sulla base di una graduatoria, determinata da criteri economico-finanziari e tecnici.<\/p><p><strong>MIRI SpA<\/strong>, azienda leader nell\u2019efficientamento energetico ed in particolare nella progettazione ed installazione di impianti fotovoltaici, mette in primo piano il tema della sostenibilit\u00e0 offrendo esperienza e servizi di prim\u2019ordine, supportando le imprese per l\u2019ottenimento di finanziamenti e agevolazioni, affiancandole in ogni fase progettuale.<\/p><p>Contattaci all\u2019 081.767.32.40 oppure compila il modulo sottostante per prendere contatto con il nostro Ufficio Tecnico\/Commerciale.<\/p>\t\t\t\t\t\t\t\t<\/div>\n\t\t\t\t<\/div>\n\t\t\t\t\t<\/div>\n\t\t<\/div>\n\t\t\t\t\t<\/div>\n\t\t<\/section>\n\t\t\t\t<section class=\"elementor-section elementor-top-section elementor-element elementor-element-31ff4be elementor-section-boxed elementor-section-height-default elementor-section-height-default\" data-id=\"31ff4be\" data-element_type=\"section\" data-e-type=\"section\">\n\t\t\t\t\t\t<div class=\"elementor-container elementor-column-gap-default\">\n\t\t\t\t\t<div class=\"elementor-column elementor-col-100 elementor-top-column elementor-element elementor-element-1278107\" data-id=\"1278107\" data-element_type=\"column\" data-e-type=\"column\">\n\t\t\t<div class=\"elementor-widget-wrap elementor-element-populated\">\n\t\t\t\t\t\t<div class=\"elementor-element elementor-element-85f90c4 elementor-widget elementor-widget-heading\" data-id=\"85f90c4\" data-element_type=\"widget\" data-e-type=\"widget\" data-widget_type=\"heading.default\">\n\t\t\t\t<div class=\"elementor-widget-container\">\n\t\t\t\t\t<p class=\"elementor-heading-title elementor-size-default\">Per informazioni contattarci tramite il form qui sotto<\/p>\t\t\t\t<\/div>\n\t\t\t\t<\/div>\n\t\t\t\t<div class=\"elementor-element elementor-element-19396c7 elementor-button-align-start elementor-widget elementor-widget-form\" data-id=\"19396c7\" data-element_type=\"widget\" data-e-type=\"widget\" data-settings=\"{&quot;step_next_label&quot;:&quot;Next&quot;,&quot;step_previous_label&quot;:&quot;Previous&quot;,&quot;button_width&quot;:&quot;100&quot;,&quot;step_type&quot;:&quot;number_text&quot;,&quot;step_icon_shape&quot;:&quot;circle&quot;}\" data-widget_type=\"form.default\">\n\t\t\t\t<div class=\"elementor-widget-container\">\n\t\t\t\t\t\t\t<form class=\"elementor-form\" method=\"post\" name=\"New Form\" aria-label=\"New Form\">\n\t\t\t<input type=\"hidden\" name=\"post_id\" value=\"3272\"\/>\n\t\t\t<input type=\"hidden\" name=\"form_id\" value=\"19396c7\"\/>\n\t\t\t<input type=\"hidden\" name=\"referer_title\" value=\"Incentivi - Miri SpA\" \/>\n\n\t\t\t\t\t\t\t<input type=\"hidden\" name=\"queried_id\" value=\"3272\"\/>\n\t\t\t\n\t\t\t<div class=\"elementor-form-fields-wrapper elementor-labels-above\">\n\t\t\t\t\t\t\t\t<div class=\"elementor-field-type-text elementor-field-group elementor-column elementor-field-group-name elementor-col-50 elementor-field-required elementor-mark-required\">\n\t\t\t\t\t\t\t\t\t\t\t\t<label for=\"form-field-name\" class=\"elementor-field-label\">\n\t\t\t\t\t\t\t\tNome \t\t\t\t\t\t\t<\/label>\n\t\t\t\t\t\t\t\t\t\t\t\t\t\t<input size=\"1\" type=\"text\" name=\"form_fields[name]\" id=\"form-field-name\" class=\"elementor-field elementor-size-sm  elementor-field-textual\" required=\"required\">\n\t\t\t\t\t\t\t\t\t\t\t<\/div>\n\t\t\t\t\t\t\t\t<div class=\"elementor-field-type-text elementor-field-group elementor-column elementor-field-group-name elementor-col-50 elementor-field-required elementor-mark-required\">\n\t\t\t\t\t\t\t\t\t\t\t\t<label for=\"form-field-name\" class=\"elementor-field-label\">\n\t\t\t\t\t\t\t\tCognome\t\t\t\t\t\t\t<\/label>\n\t\t\t\t\t\t\t\t\t\t\t\t\t\t<input size=\"1\" type=\"text\" name=\"form_fields[name]\" id=\"form-field-name\" class=\"elementor-field elementor-size-sm  elementor-field-textual\" required=\"required\">\n\t\t\t\t\t\t\t\t\t\t\t<\/div>\n\t\t\t\t\t\t\t\t<div class=\"elementor-field-type-email elementor-field-group elementor-column elementor-field-group-email elementor-col-50 elementor-field-required elementor-mark-required\">\n\t\t\t\t\t\t\t\t\t\t\t\t<label for=\"form-field-email\" class=\"elementor-field-label\">\n\t\t\t\t\t\t\t\tEmail\t\t\t\t\t\t\t<\/label>\n\t\t\t\t\t\t\t\t\t\t\t\t\t\t<input size=\"1\" type=\"email\" name=\"form_fields[email]\" id=\"form-field-email\" class=\"elementor-field elementor-size-sm  elementor-field-textual\" required=\"required\">\n\t\t\t\t\t\t\t\t\t\t\t<\/div>\n\t\t\t\t\t\t\t\t<div class=\"elementor-field-type-tel elementor-field-group elementor-column elementor-field-group-email elementor-col-50 elementor-field-required elementor-mark-required\">\n\t\t\t\t\t\t\t\t\t\t\t\t<label for=\"form-field-email\" class=\"elementor-field-label\">\n\t\t\t\t\t\t\t\tCellulare\t\t\t\t\t\t\t<\/label>\n\t\t\t\t\t\t\t\t<input size=\"1\" type=\"tel\" name=\"form_fields[email]\" id=\"form-field-email\" class=\"elementor-field elementor-size-sm  elementor-field-textual\" required=\"required\" pattern=\"[0-9()#&amp;+*-=.]+\" title=\"Only numbers and phone characters (#, -, *, etc) are accepted.\">\n\n\t\t\t\t\t\t<\/div>\n\t\t\t\t\t\t\t\t<div class=\"elementor-field-type-textarea elementor-field-group elementor-column elementor-field-group-message elementor-col-100\">\n\t\t\t\t\t\t\t\t\t\t\t\t<label for=\"form-field-message\" class=\"elementor-field-label\">\n\t\t\t\t\t\t\t\tMessaggio\t\t\t\t\t\t\t<\/label>\n\t\t\t\t\t\t<textarea class=\"elementor-field-textual elementor-field  elementor-size-sm\" name=\"form_fields[message]\" id=\"form-field-message\" rows=\"4\" placeholder=\"Il tuo messaggio\"><\/textarea>\t\t\t\t<\/div>\n\t\t\t\t\t\t\t\t<div class=\"elementor-field-type-acceptance elementor-field-group elementor-column elementor-field-group-field_7bc7ce8 elementor-col-100 elementor-field-required elementor-mark-required\">\n\t\t\t\t\t\t\t<div class=\"elementor-field-subgroup\">\n\t\t\t<span class=\"elementor-field-option\">\n\t\t\t\t<input type=\"checkbox\" name=\"form_fields[field_7bc7ce8]\" id=\"form-field-field_7bc7ce8\" class=\"elementor-field elementor-size-sm  elementor-acceptance-field\" required=\"required\">\n\t\t\t\t<label for=\"form-field-field_7bc7ce8\">Acconsento al trattamento dei miei dati personali per finalit\u00e0 di profilazione, come indicato<a href=\"https:\/\/mirispa.it\/privacy-policy\/\"> nell\u2019informativa a tutela della privacy<\/a>.<\/label>\t\t\t<\/span>\n\t\t<\/div>\n\t\t\t\t\t\t<\/div>\n\t\t\t\t\t\t\t\t<div class=\"elementor-field-type-recaptcha_v3 elementor-field-group elementor-column elementor-field-group-field_345a9d6 elementor-col-100 recaptcha_v3-bottomleft\">\n\t\t\t\t\t<div class=\"elementor-field\" id=\"form-field-field_345a9d6\"><div class=\"elementor-g-recaptcha\" data-sitekey=\"6LfpmN4qAAAAAAg-GAeeLWoBbie1z6bpWlaJ17Ld\" data-type=\"v3\" data-action=\"Form\" data-badge=\"bottomleft\" data-size=\"invisible\"><\/div><\/div>\t\t\t\t<\/div>\n\t\t\t\t\t\t\t\t<div class=\"elementor-field-group elementor-column elementor-field-type-submit elementor-col-100 e-form__buttons\">\n\t\t\t\t\t<button class=\"elementor-button elementor-size-sm\" type=\"submit\">\n\t\t\t\t\t\t<span class=\"elementor-button-content-wrapper\">\n\t\t\t\t\t\t\t\t\t\t\t\t\t\t\t\t\t\t\t\t\t\t<span class=\"elementor-button-text\">Invia<\/span>\n\t\t\t\t\t\t\t\t\t\t\t\t\t<\/span>\n\t\t\t\t\t<\/button>\n\t\t\t\t<\/div>\n\t\t\t<\/div>\n\t\t<\/form>\n\t\t\t\t\t\t<\/div>\n\t\t\t\t<\/div>\n\t\t\t\t\t<\/div>\n\t\t<\/div>\n\t\t\t\t\t<\/div>\n\t\t<\/section>\n\t\t\t\t<\/div>\n\t\t","protected":false},"excerpt":{"rendered":"<p>Bando MASE \u2013 Autoproduzione di energia da Fonti Rinnovabili Contributi a fondo perduto per impianti fotovoltaici e sistemi di accumuloIl Ministero dell\u2019Ambiente e della Sicurezza Energetica (MASE) ha pubblicato un Avviso pubblico finalizzato a sostenere le imprese nella realizzazione di impianti per l\u2019autoproduzione di energia elettrica da fonti rinnovabili, nell\u2019ambito dell\u2019Azione 2.2.1 \u201cSviluppo della produzione [&hellip;]<\/p>\n","protected":false},"author":1,"featured_media":0,"parent":621,"menu_order":0,"comment_status":"closed","ping_status":"closed","template":"","meta":{"footnotes":""},"class_list":["post-3272","page","type-page","status-publish","hentry"],"yoast_head":"<!-- This site is optimized with the Yoast SEO plugin v27.4 - https:\/\/yoast.com\/product\/yoast-seo-wordpress\/ -->\n<title>Incentivi - Miri SpA<\/title>\n<meta name=\"robots\" content=\"index, follow, max-snippet:-1, max-image-preview:large, max-video-preview:-1\" \/>\n<link rel=\"canonical\" href=\"https:\/\/mirispa.it\/en\/aree-di-business\/impiantistica-civile-ed-industriale\/incentivi-2\/\" \/>\n<meta property=\"og:locale\" content=\"en_GB\" \/>\n<meta property=\"og:type\" content=\"article\" \/>\n<meta property=\"og:title\" content=\"Incentivi - Miri SpA\" \/>\n<meta property=\"og:description\" content=\"Bando MASE \u2013 Autoproduzione di energia da Fonti Rinnovabili Contributi a fondo perduto per impianti fotovoltaici e sistemi di accumuloIl Ministero dell\u2019Ambiente e della Sicurezza Energetica (MASE) ha pubblicato un Avviso pubblico finalizzato a sostenere le imprese nella realizzazione di impianti per l\u2019autoproduzione di energia elettrica da fonti rinnovabili, nell\u2019ambito dell\u2019Azione 2.2.1 \u201cSviluppo della produzione [&hellip;]\" \/>\n<meta property=\"og:url\" content=\"https:\/\/mirispa.it\/en\/aree-di-business\/impiantistica-civile-ed-industriale\/incentivi-2\/\" \/>\n<meta property=\"og:site_name\" content=\"Miri SpA\" \/>\n<meta property=\"article:publisher\" content=\"https:\/\/www.facebook.com\/MIRI-Spa-102892258310271\" \/>\n<meta property=\"article:modified_time\" content=\"2026-03-12T23:19:19+00:00\" \/>\n<meta name=\"twitter:card\" content=\"summary_large_image\" \/>\n<meta name=\"twitter:label1\" content=\"Estimated reading time\" \/>\n\t<meta name=\"twitter:data1\" content=\"3 minutes\" \/>\n<script type=\"application\/ld+json\" class=\"yoast-schema-graph\">{\"@context\":\"https:\\\/\\\/schema.org\",\"@graph\":[{\"@type\":\"WebPage\",\"@id\":\"https:\\\/\\\/mirispa.it\\\/aree-di-business\\\/impiantistica-civile-ed-industriale\\\/incentivi-2\\\/\",\"url\":\"https:\\\/\\\/mirispa.it\\\/aree-di-business\\\/impiantistica-civile-ed-industriale\\\/incentivi-2\\\/\",\"name\":\"Incentivi - Miri SpA\",\"isPartOf\":{\"@id\":\"https:\\\/\\\/mirispa.it\\\/#website\"},\"datePublished\":\"2025-03-24T17:06:12+00:00\",\"dateModified\":\"2026-03-12T23:19:19+00:00\",\"breadcrumb\":{\"@id\":\"https:\\\/\\\/mirispa.it\\\/aree-di-business\\\/impiantistica-civile-ed-industriale\\\/incentivi-2\\\/#breadcrumb\"},\"inLanguage\":\"en-GB\",\"potentialAction\":[{\"@type\":\"ReadAction\",\"target\":[\"https:\\\/\\\/mirispa.it\\\/aree-di-business\\\/impiantistica-civile-ed-industriale\\\/incentivi-2\\\/\"]}]},{\"@type\":\"BreadcrumbList\",\"@id\":\"https:\\\/\\\/mirispa.it\\\/aree-di-business\\\/impiantistica-civile-ed-industriale\\\/incentivi-2\\\/#breadcrumb\",\"itemListElement\":[{\"@type\":\"ListItem\",\"position\":1,\"name\":\"Home\",\"item\":\"https:\\\/\\\/mirispa.it\\\/\"},{\"@type\":\"ListItem\",\"position\":2,\"name\":\"Aree di Business\",\"item\":\"https:\\\/\\\/mirispa.it\\\/aree-di-business\\\/\"},{\"@type\":\"ListItem\",\"position\":3,\"name\":\"Impiantistica Civile ed Industriale\",\"item\":\"https:\\\/\\\/mirispa.it\\\/aree-di-business\\\/impiantistica-civile-ed-industriale\\\/\"},{\"@type\":\"ListItem\",\"position\":4,\"name\":\"Incentivi\"}]},{\"@type\":\"WebSite\",\"@id\":\"https:\\\/\\\/mirispa.it\\\/#website\",\"url\":\"https:\\\/\\\/mirispa.it\\\/\",\"name\":\"Miri SpA\",\"description\":\"\",\"publisher\":{\"@id\":\"https:\\\/\\\/mirispa.it\\\/#organization\"},\"potentialAction\":[{\"@type\":\"SearchAction\",\"target\":{\"@type\":\"EntryPoint\",\"urlTemplate\":\"https:\\\/\\\/mirispa.it\\\/?s={search_term_string}\"},\"query-input\":{\"@type\":\"PropertyValueSpecification\",\"valueRequired\":true,\"valueName\":\"search_term_string\"}}],\"inLanguage\":\"en-GB\"},{\"@type\":\"Organization\",\"@id\":\"https:\\\/\\\/mirispa.it\\\/#organization\",\"name\":\"Miri Spa\",\"url\":\"https:\\\/\\\/mirispa.it\\\/\",\"logo\":{\"@type\":\"ImageObject\",\"inLanguage\":\"en-GB\",\"@id\":\"https:\\\/\\\/mirispa.it\\\/#\\\/schema\\\/logo\\\/image\\\/\",\"url\":\"https:\\\/\\\/mirispa.it\\\/wp-content\\\/uploads\\\/2020\\\/11\\\/logo_miri.png\",\"contentUrl\":\"https:\\\/\\\/mirispa.it\\\/wp-content\\\/uploads\\\/2020\\\/11\\\/logo_miri.png\",\"width\":356,\"height\":126,\"caption\":\"Miri Spa\"},\"image\":{\"@id\":\"https:\\\/\\\/mirispa.it\\\/#\\\/schema\\\/logo\\\/image\\\/\"},\"sameAs\":[\"https:\\\/\\\/www.facebook.com\\\/MIRI-Spa-102892258310271\"]}]}<\/script>\n<!-- \/ Yoast SEO plugin. -->","yoast_head_json":{"title":"Incentivi - Miri SpA","robots":{"index":"index","follow":"follow","max-snippet":"max-snippet:-1","max-image-preview":"max-image-preview:large","max-video-preview":"max-video-preview:-1"},"canonical":"https:\/\/mirispa.it\/en\/aree-di-business\/impiantistica-civile-ed-industriale\/incentivi-2\/","og_locale":"en_GB","og_type":"article","og_title":"Incentivi - Miri SpA","og_description":"Bando MASE \u2013 Autoproduzione di energia da Fonti Rinnovabili Contributi a fondo perduto per impianti fotovoltaici e sistemi di accumuloIl Ministero dell\u2019Ambiente e della Sicurezza Energetica (MASE) ha pubblicato un Avviso pubblico finalizzato a sostenere le imprese nella realizzazione di impianti per l\u2019autoproduzione di energia elettrica da fonti rinnovabili, nell\u2019ambito dell\u2019Azione 2.2.1 \u201cSviluppo della produzione [&hellip;]","og_url":"https:\/\/mirispa.it\/en\/aree-di-business\/impiantistica-civile-ed-industriale\/incentivi-2\/","og_site_name":"Miri SpA","article_publisher":"https:\/\/www.facebook.com\/MIRI-Spa-102892258310271","article_modified_time":"2026-03-12T23:19:19+00:00","twitter_card":"summary_large_image","twitter_misc":{"Estimated reading time":"3 minutes"},"schema":{"@context":"https:\/\/schema.org","@graph":[{"@type":"WebPage","@id":"https:\/\/mirispa.it\/aree-di-business\/impiantistica-civile-ed-industriale\/incentivi-2\/","url":"https:\/\/mirispa.it\/aree-di-business\/impiantistica-civile-ed-industriale\/incentivi-2\/","name":"Incentivi - Miri SpA","isPartOf":{"@id":"https:\/\/mirispa.it\/#website"},"datePublished":"2025-03-24T17:06:12+00:00","dateModified":"2026-03-12T23:19:19+00:00","breadcrumb":{"@id":"https:\/\/mirispa.it\/aree-di-business\/impiantistica-civile-ed-industriale\/incentivi-2\/#breadcrumb"},"inLanguage":"en-GB","potentialAction":[{"@type":"ReadAction","target":["https:\/\/mirispa.it\/aree-di-business\/impiantistica-civile-ed-industriale\/incentivi-2\/"]}]},{"@type":"BreadcrumbList","@id":"https:\/\/mirispa.it\/aree-di-business\/impiantistica-civile-ed-industriale\/incentivi-2\/#breadcrumb","itemListElement":[{"@type":"ListItem","position":1,"name":"Home","item":"https:\/\/mirispa.it\/"},{"@type":"ListItem","position":2,"name":"Aree di Business","item":"https:\/\/mirispa.it\/aree-di-business\/"},{"@type":"ListItem","position":3,"name":"Impiantistica Civile ed Industriale","item":"https:\/\/mirispa.it\/aree-di-business\/impiantistica-civile-ed-industriale\/"},{"@type":"ListItem","position":4,"name":"Incentivi"}]},{"@type":"WebSite","@id":"https:\/\/mirispa.it\/#website","url":"https:\/\/mirispa.it\/","name":"Miri SpA","description":"","publisher":{"@id":"https:\/\/mirispa.it\/#organization"},"potentialAction":[{"@type":"SearchAction","target":{"@type":"EntryPoint","urlTemplate":"https:\/\/mirispa.it\/?s={search_term_string}"},"query-input":{"@type":"PropertyValueSpecification","valueRequired":true,"valueName":"search_term_string"}}],"inLanguage":"en-GB"},{"@type":"Organization","@id":"https:\/\/mirispa.it\/#organization","name":"Miri Spa","url":"https:\/\/mirispa.it\/","logo":{"@type":"ImageObject","inLanguage":"en-GB","@id":"https:\/\/mirispa.it\/#\/schema\/logo\/image\/","url":"https:\/\/mirispa.it\/wp-content\/uploads\/2020\/11\/logo_miri.png","contentUrl":"https:\/\/mirispa.it\/wp-content\/uploads\/2020\/11\/logo_miri.png","width":356,"height":126,"caption":"Miri Spa"},"image":{"@id":"https:\/\/mirispa.it\/#\/schema\/logo\/image\/"},"sameAs":["https:\/\/www.facebook.com\/MIRI-Spa-102892258310271"]}]}},"_links":{"self":[{"href":"https:\/\/mirispa.it\/en\/wp-json\/wp\/v2\/pages\/3272","targetHints":{"allow":["GET"]}}],"collection":[{"href":"https:\/\/mirispa.it\/en\/wp-json\/wp\/v2\/pages"}],"about":[{"href":"https:\/\/mirispa.it\/en\/wp-json\/wp\/v2\/types\/page"}],"author":[{"embeddable":true,"href":"https:\/\/mirispa.it\/en\/wp-json\/wp\/v2\/users\/1"}],"replies":[{"embeddable":true,"href":"https:\/\/mirispa.it\/en\/wp-json\/wp\/v2\/comments?post=3272"}],"version-history":[{"count":14,"href":"https:\/\/mirispa.it\/en\/wp-json\/wp\/v2\/pages\/3272\/revisions"}],"predecessor-version":[{"id":3513,"href":"https:\/\/mirispa.it\/en\/wp-json\/wp\/v2\/pages\/3272\/revisions\/3513"}],"up":[{"embeddable":true,"href":"https:\/\/mirispa.it\/en\/wp-json\/wp\/v2\/pages\/621"}],"wp:attachment":[{"href":"https:\/\/mirispa.it\/en\/wp-json\/wp\/v2\/media?parent=3272"}],"curies":[{"name":"wp","href":"https:\/\/api.w.org\/{rel}","templated":true}]}}