{"id":3,"date":"2020-11-30T16:20:27","date_gmt":"2020-11-30T15:20:27","guid":{"rendered":"https:\/\/mirispa.it\/?page_id=3"},"modified":"2023-05-26T14:28:16","modified_gmt":"2023-05-26T12:28:16","slug":"privacy-policy","status":"publish","type":"page","link":"https:\/\/mirispa.it\/en\/privacy-policy\/","title":{"rendered":"Privacy Policy"},"content":{"rendered":"<div data-elementor-type=\"wp-page\" data-elementor-id=\"3\" class=\"elementor elementor-3\" data-elementor-post-type=\"page\">\n\t\t\t\t\t\t<section class=\"elementor-section elementor-top-section elementor-element elementor-element-d76c689 elementor-section-boxed elementor-section-height-default elementor-section-height-default\" data-id=\"d76c689\" data-element_type=\"section\" data-e-type=\"section\" data-settings=\"{&quot;background_background&quot;:&quot;classic&quot;}\">\n\t\t\t\t\t\t\t<div class=\"elementor-background-overlay\"><\/div>\n\t\t\t\t\t\t\t<div class=\"elementor-container elementor-column-gap-default\">\n\t\t\t\t\t<div class=\"elementor-column elementor-col-100 elementor-top-column elementor-element elementor-element-a5ed800 elementor-invisible\" data-id=\"a5ed800\" data-element_type=\"column\" data-e-type=\"column\" data-settings=\"{&quot;animation&quot;:&quot;fadeInRight&quot;}\">\n\t\t\t<div class=\"elementor-widget-wrap elementor-element-populated\">\n\t\t\t\t\t\t\t<\/div>\n\t\t<\/div>\n\t\t\t\t\t<\/div>\n\t\t<\/section>\n\t\t\t\t<section class=\"elementor-section elementor-top-section elementor-element elementor-element-2f1d290 elementor-section-boxed elementor-section-height-default elementor-section-height-default\" data-id=\"2f1d290\" data-element_type=\"section\" data-e-type=\"section\">\n\t\t\t\t\t\t<div class=\"elementor-container elementor-column-gap-default\">\n\t\t\t\t\t<div class=\"elementor-column elementor-col-100 elementor-top-column elementor-element elementor-element-14ac0f2\" data-id=\"14ac0f2\" data-element_type=\"column\" data-e-type=\"column\">\n\t\t\t<div class=\"elementor-widget-wrap elementor-element-populated\">\n\t\t\t\t\t\t<div class=\"elementor-element elementor-element-82b4085 elementor-widget elementor-widget-text-editor\" data-id=\"82b4085\" data-element_type=\"widget\" data-e-type=\"widget\" data-widget_type=\"text-editor.default\">\n\t\t\t\t<div class=\"elementor-widget-container\">\n\t\t\t\t\t\t\t\t\t<p>La presente informativa \u00e8 resa ai sensi dell\u2019art. 13 Regolamento UE 2016\/679 per la protezione dei dati personali.<\/p><p>Il Titolare del trattamento \u00e8:<\/p><p>Miri S.P.A.<br \/>Via Ferrante Imparato 150, 80147, Napoli (NA)<br \/>info@mirispa.it<br \/>P.IVA 07820920630<\/p><p><strong>Natura del conferimento<\/strong><\/p><p>Il conferimento dei dati \u00e8 facoltativo. Il rifiuto a fornire i dati comporta l\u2019impossibilit\u00e0 di essere ricontattati per le finalit\u00e0 sotto riportate. Il conferimento a fini di marketing \u00e8 facoltativo e non comporta l\u2019impossibilit\u00e0 di essere ricontattati per le altre finalit\u00e0.<\/p><p><strong>Finalit\u00e0 del trattamento e base giuridica<\/strong><\/p><ol><li>esecuzione di obblighi derivanti da contratti stipulati con il Titolare e\/o adempimento, prima della conclusione del contratto, di specifiche richieste dell\u2019Interessato;<\/li><li>adempimento di obblighi previsti dalla legge, da regolamenti o dalla normativa comunitaria;<\/li><\/ol><p>In merito alle finalit\u00e0 sub a) e b), La informiamo che il trattamento e la comunicazione dei Suoi dati personali da parte del Titolare non necessita del Suo consenso in quanto trattamento necessario per l\u2019esecuzione di obblighi derivanti dal contratto stesso e\/o per l\u2019esecuzione di prestazioni da Lei richieste prima della conclusione del contratto nonch\u00e9 per ottemperare ad obblighi di legge.<\/p><p><strong>Modalit\u00e0 per il trattamento dei dati<\/strong><\/p><p>I dati raccolti sono trattati con strumenti informatici.<\/p><p>Idonee misure di sicurezza sono osservate per prevenire la perdita dei dati, usi illeciti o non corretti ed accessi non autorizzati.<\/p><p><strong>Chi tratta i tuoi dati<\/strong><\/p><p>I trattamenti di dati personali hanno luogo presso la predetta sede e sono curati da personale incaricato.<\/p><p><strong>Periodo di conservazione dei tuoi dati.<\/strong><\/p><p>I dati personali trattati per finalit\u00e0 contrattuali o economiche quali la fatturazione saranno trattati per i tempi obbligatori previsti dalle leggi di competenza.<\/p><p><strong>Reclamo<\/strong><\/p><p>\u00c8 fatto salvo il diritto dell\u2019interessato di proporre reclamo all\u2019autorit\u00e0 di controllo.<\/p><p><strong>Diritti degli interessati ex art 15 UE 2016\/679<\/strong><\/p><p>I soggetti cui si riferiscono i dati personali hanno il diritto di essere a conoscenza se sia in corso o meno un trattamento di dati personali riferiti a loro, e nel caso, di ottenere informazioni riguardanti:<\/p><ul><li>le finalit\u00e0 del trattamento;<\/li><li>le categorie dei dati in questione;<\/li><li>i destinatari o le categorie di destinatari a cui i dati personali sono stati o saranno comunicati, in particolare se destinatari di paesi terzi o organizzazioni internazionali;<\/li><li>quando possibile, il periodo di conservazione dei dati personali previsto oppure, se non \u00e8 possibile, i criteri utilizzati per determinare tale periodo;<\/li><li>l\u2019esistenza del diritto dell\u2019interessato di chiedere al titolare del trattamento la rettifica o la cancellazione dei dati personali o la limitazione del trattamento dei dati personali che lo riguardano o di opporsi al loro trattamento;<\/li><li>il diritto di proporre reclamo a un\u2019autorit\u00e0 di controllo;<\/li><li>qualora i dati non siano raccolti presso l\u2019interessato, tutte le informazioni disponibili sulla loro origine;<\/li><li>l\u2019esistenza di un processo decisionale automatizzato, compresa la profilazione di cui all\u2019articolo 22, paragrafi 1 e 4, e, almeno in tali casi, informazioni significative sulla logica utilizzata, nonch\u00e9 l\u2019importanza e le conseguenze previste di tale trattamento per l\u2019interessato.<\/li><\/ul>\t\t\t\t\t\t\t\t<\/div>\n\t\t\t\t<\/div>\n\t\t\t\t\t<\/div>\n\t\t<\/div>\n\t\t\t\t\t<\/div>\n\t\t<\/section>\n\t\t\t\t<\/div>","protected":false},"excerpt":{"rendered":"<p>La presente informativa \u00e8 resa ai sensi dell\u2019art. 13 Regolamento UE 2016\/679 per la protezione dei dati personali. Il Titolare del trattamento \u00e8: Miri S.P.A.Via Ferrante Imparato 150, 80147, Napoli (NA)info@mirispa.itP.IVA 07820920630 Natura del conferimento Il conferimento dei dati \u00e8 facoltativo. Il rifiuto a fornire i dati comporta l\u2019impossibilit\u00e0 di essere ricontattati per le finalit\u00e0 [&hellip;]<\/p>\n","protected":false},"author":1,"featured_media":0,"parent":0,"menu_order":0,"comment_status":"closed","ping_status":"open","template":"","meta":{"footnotes":""},"class_list":["post-3","page","type-page","status-publish","hentry"],"yoast_head":"<!-- This site is optimized with the Yoast SEO plugin v27.4 - https:\/\/yoast.com\/product\/yoast-seo-wordpress\/ -->\n<title>Privacy Policy - Miri SpA<\/title>\n<meta name=\"robots\" content=\"index, follow, max-snippet:-1, max-image-preview:large, max-video-preview:-1\" \/>\n<link rel=\"canonical\" href=\"https:\/\/mirispa.it\/en\/privacy-policy\/\" \/>\n<meta property=\"og:locale\" content=\"en_GB\" \/>\n<meta property=\"og:type\" content=\"article\" \/>\n<meta property=\"og:title\" content=\"Privacy Policy - Miri SpA\" \/>\n<meta property=\"og:description\" content=\"La presente informativa \u00e8 resa ai sensi dell\u2019art. 13 Regolamento UE 2016\/679 per la protezione dei dati personali. Il Titolare del trattamento \u00e8: Miri S.P.A.Via Ferrante Imparato 150, 80147, Napoli (NA)info@mirispa.itP.IVA 07820920630 Natura del conferimento Il conferimento dei dati \u00e8 facoltativo. Il rifiuto a fornire i dati comporta l\u2019impossibilit\u00e0 di essere ricontattati per le finalit\u00e0 [&hellip;]\" \/>\n<meta property=\"og:url\" content=\"https:\/\/mirispa.it\/en\/privacy-policy\/\" \/>\n<meta property=\"og:site_name\" content=\"Miri SpA\" \/>\n<meta property=\"article:publisher\" content=\"https:\/\/www.facebook.com\/MIRI-Spa-102892258310271\" \/>\n<meta property=\"article:modified_time\" content=\"2023-05-26T12:28:16+00:00\" \/>\n<meta name=\"twitter:card\" content=\"summary_large_image\" \/>\n<meta name=\"twitter:label1\" content=\"Estimated reading time\" \/>\n\t<meta name=\"twitter:data1\" content=\"3 minutes\" \/>\n<script type=\"application\/ld+json\" class=\"yoast-schema-graph\">{\"@context\":\"https:\\\/\\\/schema.org\",\"@graph\":[{\"@type\":\"WebPage\",\"@id\":\"https:\\\/\\\/mirispa.it\\\/privacy-policy\\\/\",\"url\":\"https:\\\/\\\/mirispa.it\\\/privacy-policy\\\/\",\"name\":\"Privacy Policy - Miri SpA\",\"isPartOf\":{\"@id\":\"https:\\\/\\\/mirispa.it\\\/#website\"},\"datePublished\":\"2020-11-30T15:20:27+00:00\",\"dateModified\":\"2023-05-26T12:28:16+00:00\",\"breadcrumb\":{\"@id\":\"https:\\\/\\\/mirispa.it\\\/privacy-policy\\\/#breadcrumb\"},\"inLanguage\":\"en-GB\",\"potentialAction\":[{\"@type\":\"ReadAction\",\"target\":[\"https:\\\/\\\/mirispa.it\\\/privacy-policy\\\/\"]}]},{\"@type\":\"BreadcrumbList\",\"@id\":\"https:\\\/\\\/mirispa.it\\\/privacy-policy\\\/#breadcrumb\",\"itemListElement\":[{\"@type\":\"ListItem\",\"position\":1,\"name\":\"Home\",\"item\":\"https:\\\/\\\/mirispa.it\\\/\"},{\"@type\":\"ListItem\",\"position\":2,\"name\":\"Privacy Policy\"}]},{\"@type\":\"WebSite\",\"@id\":\"https:\\\/\\\/mirispa.it\\\/#website\",\"url\":\"https:\\\/\\\/mirispa.it\\\/\",\"name\":\"Miri SpA\",\"description\":\"\",\"publisher\":{\"@id\":\"https:\\\/\\\/mirispa.it\\\/#organization\"},\"potentialAction\":[{\"@type\":\"SearchAction\",\"target\":{\"@type\":\"EntryPoint\",\"urlTemplate\":\"https:\\\/\\\/mirispa.it\\\/?s={search_term_string}\"},\"query-input\":{\"@type\":\"PropertyValueSpecification\",\"valueRequired\":true,\"valueName\":\"search_term_string\"}}],\"inLanguage\":\"en-GB\"},{\"@type\":\"Organization\",\"@id\":\"https:\\\/\\\/mirispa.it\\\/#organization\",\"name\":\"Miri Spa\",\"url\":\"https:\\\/\\\/mirispa.it\\\/\",\"logo\":{\"@type\":\"ImageObject\",\"inLanguage\":\"en-GB\",\"@id\":\"https:\\\/\\\/mirispa.it\\\/#\\\/schema\\\/logo\\\/image\\\/\",\"url\":\"https:\\\/\\\/mirispa.it\\\/wp-content\\\/uploads\\\/2020\\\/11\\\/logo_miri.png\",\"contentUrl\":\"https:\\\/\\\/mirispa.it\\\/wp-content\\\/uploads\\\/2020\\\/11\\\/logo_miri.png\",\"width\":356,\"height\":126,\"caption\":\"Miri Spa\"},\"image\":{\"@id\":\"https:\\\/\\\/mirispa.it\\\/#\\\/schema\\\/logo\\\/image\\\/\"},\"sameAs\":[\"https:\\\/\\\/www.facebook.com\\\/MIRI-Spa-102892258310271\"]}]}<\/script>\n<!-- \/ Yoast SEO plugin. -->","yoast_head_json":{"title":"Privacy Policy - Miri SpA","robots":{"index":"index","follow":"follow","max-snippet":"max-snippet:-1","max-image-preview":"max-image-preview:large","max-video-preview":"max-video-preview:-1"},"canonical":"https:\/\/mirispa.it\/en\/privacy-policy\/","og_locale":"en_GB","og_type":"article","og_title":"Privacy Policy - Miri SpA","og_description":"La presente informativa \u00e8 resa ai sensi dell\u2019art. 13 Regolamento UE 2016\/679 per la protezione dei dati personali. Il Titolare del trattamento \u00e8: Miri S.P.A.Via Ferrante Imparato 150, 80147, Napoli (NA)info@mirispa.itP.IVA 07820920630 Natura del conferimento Il conferimento dei dati \u00e8 facoltativo. Il rifiuto a fornire i dati comporta l\u2019impossibilit\u00e0 di essere ricontattati per le finalit\u00e0 [&hellip;]","og_url":"https:\/\/mirispa.it\/en\/privacy-policy\/","og_site_name":"Miri SpA","article_publisher":"https:\/\/www.facebook.com\/MIRI-Spa-102892258310271","article_modified_time":"2023-05-26T12:28:16+00:00","twitter_card":"summary_large_image","twitter_misc":{"Estimated reading time":"3 minutes"},"schema":{"@context":"https:\/\/schema.org","@graph":[{"@type":"WebPage","@id":"https:\/\/mirispa.it\/privacy-policy\/","url":"https:\/\/mirispa.it\/privacy-policy\/","name":"Privacy Policy - Miri SpA","isPartOf":{"@id":"https:\/\/mirispa.it\/#website"},"datePublished":"2020-11-30T15:20:27+00:00","dateModified":"2023-05-26T12:28:16+00:00","breadcrumb":{"@id":"https:\/\/mirispa.it\/privacy-policy\/#breadcrumb"},"inLanguage":"en-GB","potentialAction":[{"@type":"ReadAction","target":["https:\/\/mirispa.it\/privacy-policy\/"]}]},{"@type":"BreadcrumbList","@id":"https:\/\/mirispa.it\/privacy-policy\/#breadcrumb","itemListElement":[{"@type":"ListItem","position":1,"name":"Home","item":"https:\/\/mirispa.it\/"},{"@type":"ListItem","position":2,"name":"Privacy Policy"}]},{"@type":"WebSite","@id":"https:\/\/mirispa.it\/#website","url":"https:\/\/mirispa.it\/","name":"Miri SpA","description":"","publisher":{"@id":"https:\/\/mirispa.it\/#organization"},"potentialAction":[{"@type":"SearchAction","target":{"@type":"EntryPoint","urlTemplate":"https:\/\/mirispa.it\/?s={search_term_string}"},"query-input":{"@type":"PropertyValueSpecification","valueRequired":true,"valueName":"search_term_string"}}],"inLanguage":"en-GB"},{"@type":"Organization","@id":"https:\/\/mirispa.it\/#organization","name":"Miri Spa","url":"https:\/\/mirispa.it\/","logo":{"@type":"ImageObject","inLanguage":"en-GB","@id":"https:\/\/mirispa.it\/#\/schema\/logo\/image\/","url":"https:\/\/mirispa.it\/wp-content\/uploads\/2020\/11\/logo_miri.png","contentUrl":"https:\/\/mirispa.it\/wp-content\/uploads\/2020\/11\/logo_miri.png","width":356,"height":126,"caption":"Miri Spa"},"image":{"@id":"https:\/\/mirispa.it\/#\/schema\/logo\/image\/"},"sameAs":["https:\/\/www.facebook.com\/MIRI-Spa-102892258310271"]}]}},"_links":{"self":[{"href":"https:\/\/mirispa.it\/en\/wp-json\/wp\/v2\/pages\/3","targetHints":{"allow":["GET"]}}],"collection":[{"href":"https:\/\/mirispa.it\/en\/wp-json\/wp\/v2\/pages"}],"about":[{"href":"https:\/\/mirispa.it\/en\/wp-json\/wp\/v2\/types\/page"}],"author":[{"embeddable":true,"href":"https:\/\/mirispa.it\/en\/wp-json\/wp\/v2\/users\/1"}],"replies":[{"embeddable":true,"href":"https:\/\/mirispa.it\/en\/wp-json\/wp\/v2\/comments?post=3"}],"version-history":[{"count":17,"href":"https:\/\/mirispa.it\/en\/wp-json\/wp\/v2\/pages\/3\/revisions"}],"predecessor-version":[{"id":2618,"href":"https:\/\/mirispa.it\/en\/wp-json\/wp\/v2\/pages\/3\/revisions\/2618"}],"wp:attachment":[{"href":"https:\/\/mirispa.it\/en\/wp-json\/wp\/v2\/media?parent=3"}],"curies":[{"name":"wp","href":"https:\/\/api.w.org\/{rel}","templated":true}]}}