{"id":287,"date":"2022-03-13T18:58:02","date_gmt":"2022-03-13T17:58:02","guid":{"rendered":"https:\/\/mirispa.it\/?page_id=287"},"modified":"2024-10-14T13:35:28","modified_gmt":"2024-10-14T11:35:28","slug":"modello-organizzativo-d-lgs-231-01","status":"publish","type":"page","link":"https:\/\/mirispa.it\/en\/modello-organizzativo-d-lgs-231-01\/","title":{"rendered":"Organizational Model D.LGS. 231\/01"},"content":{"rendered":"<div data-elementor-type=\"wp-page\" data-elementor-id=\"287\" class=\"elementor elementor-287\" data-elementor-post-type=\"page\">\n\t\t\t\t\t\t<section class=\"elementor-section elementor-top-section elementor-element elementor-element-4e3ecfb8 elementor-section-boxed elementor-section-height-default elementor-section-height-default\" data-id=\"4e3ecfb8\" data-element_type=\"section\" data-e-type=\"section\" data-settings=\"{&quot;background_background&quot;:&quot;classic&quot;}\">\n\t\t\t\t\t\t\t<div class=\"elementor-background-overlay\"><\/div>\n\t\t\t\t\t\t\t<div class=\"elementor-container elementor-column-gap-default\">\n\t\t\t\t\t<div class=\"elementor-column elementor-col-100 elementor-top-column elementor-element elementor-element-31d25fa elementor-invisible\" data-id=\"31d25fa\" data-element_type=\"column\" data-e-type=\"column\" data-settings=\"{&quot;animation&quot;:&quot;fadeInRight&quot;}\">\n\t\t\t<div class=\"elementor-widget-wrap elementor-element-populated\">\n\t\t\t\t\t\t\t<\/div>\n\t\t<\/div>\n\t\t\t\t\t<\/div>\n\t\t<\/section>\n\t\t\t\t<section class=\"elementor-section elementor-top-section elementor-element elementor-element-1e0f4331 elementor-section-boxed elementor-section-height-default elementor-section-height-default\" data-id=\"1e0f4331\" data-element_type=\"section\" data-e-type=\"section\">\n\t\t\t\t\t\t<div class=\"elementor-container elementor-column-gap-no\">\n\t\t\t\t\t<div class=\"elementor-column elementor-col-100 elementor-top-column elementor-element elementor-element-3432a881 elementor-invisible\" data-id=\"3432a881\" data-element_type=\"column\" data-e-type=\"column\" data-settings=\"{&quot;animation&quot;:&quot;fadeIn&quot;}\">\n\t\t\t<div class=\"elementor-widget-wrap elementor-element-populated\">\n\t\t\t\t\t\t<div class=\"elementor-element elementor-element-6729a273 elementor-widget elementor-widget-text-editor\" data-id=\"6729a273\" data-element_type=\"widget\" data-e-type=\"widget\" data-widget_type=\"text-editor.default\">\n\t\t\t\t<div class=\"elementor-widget-container\">\n\t\t\t\t\t\t\t\t\t<p>Legislative Decree 231\/01 introduced the administrative liability of the Companies for a series of crimes - so-called predicate crimes - committed in their interest or to the advantage of persons who are functionally linked to them.<br \/>The Decree provides for the applicability to companies of administrative sanctions - pecuniary sanctions, disqualification sanctions, confiscation or publication of the sentence - which may have serious repercussions on the conduct of corporate activities.<\/p><p>The provisions of Legislative Decree 231\/01 exclude the administrative liability of the Company in the event that, prior to the commission of the crime, it has adopted and effectively implemented an Organization, Management and Control Model suitable for preventing the commission of crimes of this type. of that which has occurred and has entrusted the task of supervising its functioning and its observance to a Supervisory Body.<br \/>To this end, the Board of Directors of MIRI SpA has adopted - after analyzing the entire corporate organizational structure and its internal control system - its own Organization, Management and Control Model binding for all subjects who, for various reasons, entertain professional relationships with the Company. Furthermore, as required by Legislative Decree 231\/01, the same Company has its own Supervisory Body with a control function on the aforementioned Models. The adoption of the Organizational Models and the establishment of the Supervisory Bodies respond to the Company's need to always strive for its own improvement, in such a way as to implement its own structured system suitable for preventing the risk of any form of irregularity occurring in the carrying out its activities, thus limiting the risk of committing crimes and guaranteeing the correctness and transparency of its activities.<\/p><div><div dir=\"auto\">Il 23.07.2024 l\u2019AGCM, Autorit\u00e0 Garante della Concorrenza e del Mercato ha rinnovato a MIRI SpA il rating di legalit\u00e0, confermando l\u2019integrit\u00e0 etica ed il rispetto di elevati standard di legalit\u00e0, trasparenza e responsabilit\u00e0 sociale nella gestione aziendale.<\/div><\/div><div><div dir=\"auto\">The Rating, in implementation of the law of 18 May 2012, number 62 supplemented by the resolution of 15 May 2018, number 27165, is attributed by the Antitrust Authority and is an instrument for recognizing the best practices adopted by companies operating in the area national with turnover exceeding 2 million euros.<\/div><div dir=\"auto\">\u00a0<\/div><div dir=\"auto\"><a style=\"color: #2d2e83;\" href=\"https:\/\/mirispa.it\/wp-content\/uploads\/2024\/10\/MIRI_PG_Rev_09_05_24.pdf\"><strong><u>Modello Organizzativo 231 &#8211; Parte generale<\/u><\/strong><\/a><\/div><div dir=\"auto\">\u00a0<\/div><div dir=\"auto\"><a style=\"color: #2d2e83;\" href=\"https:\/\/mirispa.it\/wp-content\/uploads\/2024\/10\/MIRI_PS_Rev_09_05_2024.pdf\"><strong><u>Modello Organizzativo 231 \u00a0&#8211; Parte speciale<\/u><\/strong><\/a><\/div><div dir=\"auto\">\u00a0<\/div><div dir=\"auto\"><a style=\"color: #2d2e83;\" href=\"https:\/\/mirispa.it\/wp-content\/uploads\/2024\/10\/Codice-Etico_09_05_24.pdf\"><strong><u>Code of Ethics<\/u><\/strong><\/a><\/div><div dir=\"auto\">\u00a0<\/div><div dir=\"auto\"><a style=\"color: #2d2e83;\" href=\"https:\/\/mirispa.it\/wp-content\/uploads\/2024\/05\/Nomina-OdV-MIRI-SpA-29.04.2024.pdf\" target=\"_blank\" rel=\"noopener\"><strong><u>Indicazione Nomina OdV<\/u><\/strong><\/a><\/div><div dir=\"auto\">\u00a0<\/div><div dir=\"auto\"><span style=\"text-decoration: underline;\"><a style=\"color: #2d2e83;\" href=\"https:\/\/mirispa.it\/wp-content\/uploads\/2024\/07\/AGCM.REGISTRO-UFFICIALE.2024.0072862.pdf\" target=\"_blank\" rel=\"noopener\"><strong>Rating di legalit\u00e0<\/strong><\/a><\/span><\/div><div dir=\"auto\">\u00a0<\/div><div dir=\"auto\"><a style=\"color: #2d2e83;\" href=\"https:\/\/mirispa.it\/en\/segnalazione-whistleblowing\/\" target=\"_blank\" rel=\"noopener\"><strong><span style=\"text-decoration: underline;\">CLICCA QUI<\/span> per inviare una segnalazione WHISTLEBLOWING<\/strong><\/a><\/div><\/div>\t\t\t\t\t\t\t\t<\/div>\n\t\t\t\t<\/div>\n\t\t\t\t\t<\/div>\n\t\t<\/div>\n\t\t\t\t\t<\/div>\n\t\t<\/section>\n\t\t\t\t<\/div>","protected":false},"excerpt":{"rendered":"<p>Il D. Lgs. 231\/01 ha introdotto la responsabilit\u00e0 amministrativa delle Societ\u00e0 per una serie di reati \u2013 cosiddetti reati presupposto \u2013 commessi nel loro interesse o vantaggio da parte di soggetti che siano funzionalmente legati alle stesse.Il Decreto dispone l\u2019applicabilit\u00e0 nei confronti delle Societ\u00e0 di sanzioni amministrative \u2013 sanzioni pecuniarie, sanzioni interdittive, confisca o pubblicazione [&hellip;]<\/p>\n","protected":false},"author":1,"featured_media":0,"parent":0,"menu_order":0,"comment_status":"closed","ping_status":"closed","template":"","meta":{"footnotes":""},"class_list":["post-287","page","type-page","status-publish","hentry"],"yoast_head":"<!-- This site is optimized with the Yoast SEO plugin v27.4 - https:\/\/yoast.com\/product\/yoast-seo-wordpress\/ -->\n<title>Modello Organizzativo D.LGS. 231\/01 - Miri SpA<\/title>\n<meta name=\"robots\" content=\"index, follow, max-snippet:-1, max-image-preview:large, max-video-preview:-1\" \/>\n<link rel=\"canonical\" href=\"https:\/\/mirispa.it\/en\/modello-organizzativo-d-lgs-231-01\/\" \/>\n<meta property=\"og:locale\" content=\"en_GB\" \/>\n<meta property=\"og:type\" content=\"article\" \/>\n<meta property=\"og:title\" content=\"Modello Organizzativo D.LGS. 231\/01 - Miri SpA\" \/>\n<meta property=\"og:description\" content=\"Il D. Lgs. 231\/01 ha introdotto la responsabilit\u00e0 amministrativa delle Societ\u00e0 per una serie di reati \u2013 cosiddetti reati presupposto \u2013 commessi nel loro interesse o vantaggio da parte di soggetti che siano funzionalmente legati alle stesse.Il Decreto dispone l\u2019applicabilit\u00e0 nei confronti delle Societ\u00e0 di sanzioni amministrative \u2013 sanzioni pecuniarie, sanzioni interdittive, confisca o pubblicazione [&hellip;]\" \/>\n<meta property=\"og:url\" content=\"https:\/\/mirispa.it\/en\/modello-organizzativo-d-lgs-231-01\/\" \/>\n<meta property=\"og:site_name\" content=\"Miri SpA\" \/>\n<meta property=\"article:publisher\" content=\"https:\/\/www.facebook.com\/MIRI-Spa-102892258310271\" \/>\n<meta property=\"article:modified_time\" content=\"2024-10-14T11:35:28+00:00\" \/>\n<meta name=\"twitter:card\" content=\"summary_large_image\" \/>\n<meta name=\"twitter:label1\" content=\"Estimated reading time\" \/>\n\t<meta name=\"twitter:data1\" content=\"3 minutes\" \/>\n<script type=\"application\/ld+json\" class=\"yoast-schema-graph\">{\"@context\":\"https:\\\/\\\/schema.org\",\"@graph\":[{\"@type\":\"WebPage\",\"@id\":\"https:\\\/\\\/mirispa.it\\\/modello-organizzativo-d-lgs-231-01\\\/\",\"url\":\"https:\\\/\\\/mirispa.it\\\/modello-organizzativo-d-lgs-231-01\\\/\",\"name\":\"Modello Organizzativo D.LGS. 231\\\/01 - Miri SpA\",\"isPartOf\":{\"@id\":\"https:\\\/\\\/mirispa.it\\\/#website\"},\"datePublished\":\"2022-03-13T17:58:02+00:00\",\"dateModified\":\"2024-10-14T11:35:28+00:00\",\"breadcrumb\":{\"@id\":\"https:\\\/\\\/mirispa.it\\\/modello-organizzativo-d-lgs-231-01\\\/#breadcrumb\"},\"inLanguage\":\"en-GB\",\"potentialAction\":[{\"@type\":\"ReadAction\",\"target\":[\"https:\\\/\\\/mirispa.it\\\/modello-organizzativo-d-lgs-231-01\\\/\"]}]},{\"@type\":\"BreadcrumbList\",\"@id\":\"https:\\\/\\\/mirispa.it\\\/modello-organizzativo-d-lgs-231-01\\\/#breadcrumb\",\"itemListElement\":[{\"@type\":\"ListItem\",\"position\":1,\"name\":\"Home\",\"item\":\"https:\\\/\\\/mirispa.it\\\/\"},{\"@type\":\"ListItem\",\"position\":2,\"name\":\"Modello Organizzativo D.LGS. 231\\\/01\"}]},{\"@type\":\"WebSite\",\"@id\":\"https:\\\/\\\/mirispa.it\\\/#website\",\"url\":\"https:\\\/\\\/mirispa.it\\\/\",\"name\":\"Miri SpA\",\"description\":\"\",\"publisher\":{\"@id\":\"https:\\\/\\\/mirispa.it\\\/#organization\"},\"potentialAction\":[{\"@type\":\"SearchAction\",\"target\":{\"@type\":\"EntryPoint\",\"urlTemplate\":\"https:\\\/\\\/mirispa.it\\\/?s={search_term_string}\"},\"query-input\":{\"@type\":\"PropertyValueSpecification\",\"valueRequired\":true,\"valueName\":\"search_term_string\"}}],\"inLanguage\":\"en-GB\"},{\"@type\":\"Organization\",\"@id\":\"https:\\\/\\\/mirispa.it\\\/#organization\",\"name\":\"Miri Spa\",\"url\":\"https:\\\/\\\/mirispa.it\\\/\",\"logo\":{\"@type\":\"ImageObject\",\"inLanguage\":\"en-GB\",\"@id\":\"https:\\\/\\\/mirispa.it\\\/#\\\/schema\\\/logo\\\/image\\\/\",\"url\":\"https:\\\/\\\/mirispa.it\\\/wp-content\\\/uploads\\\/2020\\\/11\\\/logo_miri.png\",\"contentUrl\":\"https:\\\/\\\/mirispa.it\\\/wp-content\\\/uploads\\\/2020\\\/11\\\/logo_miri.png\",\"width\":356,\"height\":126,\"caption\":\"Miri Spa\"},\"image\":{\"@id\":\"https:\\\/\\\/mirispa.it\\\/#\\\/schema\\\/logo\\\/image\\\/\"},\"sameAs\":[\"https:\\\/\\\/www.facebook.com\\\/MIRI-Spa-102892258310271\"]}]}<\/script>\n<!-- \/ Yoast SEO plugin. -->","yoast_head_json":{"title":"Modello Organizzativo D.LGS. 231\/01 - Miri SpA","robots":{"index":"index","follow":"follow","max-snippet":"max-snippet:-1","max-image-preview":"max-image-preview:large","max-video-preview":"max-video-preview:-1"},"canonical":"https:\/\/mirispa.it\/en\/modello-organizzativo-d-lgs-231-01\/","og_locale":"en_GB","og_type":"article","og_title":"Modello Organizzativo D.LGS. 231\/01 - Miri SpA","og_description":"Il D. Lgs. 231\/01 ha introdotto la responsabilit\u00e0 amministrativa delle Societ\u00e0 per una serie di reati \u2013 cosiddetti reati presupposto \u2013 commessi nel loro interesse o vantaggio da parte di soggetti che siano funzionalmente legati alle stesse.Il Decreto dispone l\u2019applicabilit\u00e0 nei confronti delle Societ\u00e0 di sanzioni amministrative \u2013 sanzioni pecuniarie, sanzioni interdittive, confisca o pubblicazione [&hellip;]","og_url":"https:\/\/mirispa.it\/en\/modello-organizzativo-d-lgs-231-01\/","og_site_name":"Miri SpA","article_publisher":"https:\/\/www.facebook.com\/MIRI-Spa-102892258310271","article_modified_time":"2024-10-14T11:35:28+00:00","twitter_card":"summary_large_image","twitter_misc":{"Estimated reading time":"3 minutes"},"schema":{"@context":"https:\/\/schema.org","@graph":[{"@type":"WebPage","@id":"https:\/\/mirispa.it\/modello-organizzativo-d-lgs-231-01\/","url":"https:\/\/mirispa.it\/modello-organizzativo-d-lgs-231-01\/","name":"Modello Organizzativo D.LGS. 231\/01 - Miri SpA","isPartOf":{"@id":"https:\/\/mirispa.it\/#website"},"datePublished":"2022-03-13T17:58:02+00:00","dateModified":"2024-10-14T11:35:28+00:00","breadcrumb":{"@id":"https:\/\/mirispa.it\/modello-organizzativo-d-lgs-231-01\/#breadcrumb"},"inLanguage":"en-GB","potentialAction":[{"@type":"ReadAction","target":["https:\/\/mirispa.it\/modello-organizzativo-d-lgs-231-01\/"]}]},{"@type":"BreadcrumbList","@id":"https:\/\/mirispa.it\/modello-organizzativo-d-lgs-231-01\/#breadcrumb","itemListElement":[{"@type":"ListItem","position":1,"name":"Home","item":"https:\/\/mirispa.it\/"},{"@type":"ListItem","position":2,"name":"Modello Organizzativo D.LGS. 231\/01"}]},{"@type":"WebSite","@id":"https:\/\/mirispa.it\/#website","url":"https:\/\/mirispa.it\/","name":"Miri SpA","description":"","publisher":{"@id":"https:\/\/mirispa.it\/#organization"},"potentialAction":[{"@type":"SearchAction","target":{"@type":"EntryPoint","urlTemplate":"https:\/\/mirispa.it\/?s={search_term_string}"},"query-input":{"@type":"PropertyValueSpecification","valueRequired":true,"valueName":"search_term_string"}}],"inLanguage":"en-GB"},{"@type":"Organization","@id":"https:\/\/mirispa.it\/#organization","name":"Miri Spa","url":"https:\/\/mirispa.it\/","logo":{"@type":"ImageObject","inLanguage":"en-GB","@id":"https:\/\/mirispa.it\/#\/schema\/logo\/image\/","url":"https:\/\/mirispa.it\/wp-content\/uploads\/2020\/11\/logo_miri.png","contentUrl":"https:\/\/mirispa.it\/wp-content\/uploads\/2020\/11\/logo_miri.png","width":356,"height":126,"caption":"Miri Spa"},"image":{"@id":"https:\/\/mirispa.it\/#\/schema\/logo\/image\/"},"sameAs":["https:\/\/www.facebook.com\/MIRI-Spa-102892258310271"]}]}},"_links":{"self":[{"href":"https:\/\/mirispa.it\/en\/wp-json\/wp\/v2\/pages\/287","targetHints":{"allow":["GET"]}}],"collection":[{"href":"https:\/\/mirispa.it\/en\/wp-json\/wp\/v2\/pages"}],"about":[{"href":"https:\/\/mirispa.it\/en\/wp-json\/wp\/v2\/types\/page"}],"author":[{"embeddable":true,"href":"https:\/\/mirispa.it\/en\/wp-json\/wp\/v2\/users\/1"}],"replies":[{"embeddable":true,"href":"https:\/\/mirispa.it\/en\/wp-json\/wp\/v2\/comments?post=287"}],"version-history":[{"count":49,"href":"https:\/\/mirispa.it\/en\/wp-json\/wp\/v2\/pages\/287\/revisions"}],"predecessor-version":[{"id":3144,"href":"https:\/\/mirispa.it\/en\/wp-json\/wp\/v2\/pages\/287\/revisions\/3144"}],"wp:attachment":[{"href":"https:\/\/mirispa.it\/en\/wp-json\/wp\/v2\/media?parent=287"}],"curies":[{"name":"wp","href":"https:\/\/api.w.org\/{rel}","templated":true}]}}